{"id":123,"date":"2018-11-05T16:44:10","date_gmt":"2018-11-05T16:44:10","guid":{"rendered":"http:\/\/bethesdabaptisten.de\/?page_id=123"},"modified":"2018-11-05T16:44:10","modified_gmt":"2018-11-05T16:44:10","slug":"was-die-bibel-ueber-die-hoelle-lehrt","status":"publish","type":"page","link":"http:\/\/bethesdabaptisten.de\/?page_id=123","title":{"rendered":"Was die Bibel \u00fcber die H\u00f6lle lehrt"},"content":{"rendered":"<div><b>Lieber Freund, hast du jemals sonderlich beachtet was die Heiligen Schriften \u00fcber die Bestrafung der auf ewig Verdammten zu sagen haben? Hier ist eine kurze Ausf\u00fchrung \u00fcber die schreckliche Wirklichkeit, wie wir sie in der Bibel finden.<\/b><\/div>\n<div>Der Weg in die H\u00f6lle<\/div>\n<div>Gehet ein durch die enge Pforte. Denn die Pforte ist weit, und der Weg ist breit, der zur Verdammnis f\u00fchrt; und ihrer sind viele, die auf ihm hineingehen. (Matth\u00e4us 7,13). Erstens ist der Weg leicht zu finden, die Pforte ist weit. Zweitens ist es nicht schwierig, auf ihm zu bleiben, denn der Weg ist breit. Drittens ist er vollgestopft mit Weggef\u00e4hrten, denn ihrer sind viele, die auf ihm hineingehen.<\/div>\n<div>Beschreibung der H\u00f6lle<\/div>\n<div>Da wird \u00e4u\u00dferste Finsternis sein, Heulen und Z\u00e4hneknirschen. Das Dunkel der Finsternis in Ewigkeit (Judas 13). Der wird von dem Wein des Zornes Gottes trinken, der unvermischt eingeschenkt ist in den Kelch seines Zornes, und wird gequ\u00e4lt werden mit Feuer und Schwefel vor den heiligen Engeln und vor dem Lamm. Und der Rauch ihrer Qual wird aufsteigen von Ewigkeit zu Ewigkeit; und sie haben keine Ruhe Tag und Nacht, die das Tier anbeten und sein Bild, und wenn jemand das Malzeichen seines Namens annimmt. (Offenbarung 14,10-11.)<\/div>\n<div>Wer wird dort hineingehen?<\/div>\n<div>Ach dass die Gottlosen m\u00fcssten zur H\u00f6lle gekehrt werden, (Psalm 9,18) in Feuerflammen, um Vergeltung zu geben denen, die Gott nicht kennen, und denen, die nicht gehorsam sind dem Evangelium unseres Herrn Jesus Christus, welche Strafe leiden werden, ewiges Verderben von dem Angesicht des Herrn und von seiner herrlichen Macht (2 Thessalonicher 1,8-9). Und wenn jemand nicht gefunden wurde geschrieben in dem Buch des Lebens, der wurde geworfen in den feurigen Pfuhl (Offenbarung 20,15). Die Verzagten aber und Ungl\u00e4ubigen und die von Gr\u00e4ueln Befleckten und M\u00f6rder und Hurer und Zauberer und G\u00f6tzendiener und alle L\u00fcgner, ihr Teil wird sein in dem Pfuhl, der mit Feuer und Schwefel brennt; das ist der zweite Tod. (Offenbarung 21,8)<\/div>\n<div>Was werden die Verlorenen in der H\u00f6lle tun?<\/div>\n<div>Sie werden weinen, heulen und z\u00e4hneklappern und von ferne den Trost und das Gl\u00fcck der Erl\u00f6sten im Himmel sehen, wissend, dass sie niemals von ihren unsagbaren Qualen erl\u00f6st werden. &#8230;Bindet ihm H\u00e4nde und F\u00fc\u00dfe, nehme ihn weg und werfet ihn in die \u00e4u\u00dfere Finsternis hinaus! Da wird sein Heulen und Z\u00e4hneklappern (Matth\u00e4us 22,13). Als er nun in der H\u00f6lle seine Augen aufhob und in Qualen war, sah er Abraham von ferne und Lazarus in seinem Schoss. (Lukas 16,23)<\/div>\n<div>Wo ist die H\u00f6lle?<\/div>\n<div>Der Weg des Lebens geht \u00fcberw\u00e4rts f\u00fcr den Klugen, auf dass er meide die H\u00f6lle unterw\u00e4rts (Spr\u00fcche 15,24). Du wirst in die H\u00f6lle hinuntergesto\u00dfen werden (Matth\u00e4us 11,23). Wo der Himmel nicht ist, da ist eine gro\u00dfe Kluft befestigt, dass die, welche von hier zu euch hin\u00fcbergehen wollen, es nicht k\u00f6nnen, und auch die von dort nicht zu uns her\u00fcberkommen k\u00f6nnen (Lukas 16,26). Die Heilige Schrift deutet an, dass die H\u00f6lle unten ist, abw\u00e4rts von uns weg von Gott.<\/div>\n<div>Wird Gott den S\u00fcnder strafen?<\/div>\n<div>Siehe, der Herr kommt mit seinen vielen tausend Heiligen, Gericht zu halten \u00fcber alle und zu strafen alle Gottlosen unter ihnen f\u00fcr alle Werke ihres gottlosen Wandels, womit sie gottlos gewesen sind, und f\u00fcr all das Harte, das die gottlosen S\u00fcnder wider ihn geredet haben (Judas 14,15). Der Herr wei\u00df die Gottseligen aus der Versuchung zu erl\u00f6sen, die Ungerechten aber aufzubewahren f\u00fcr den Tag des Gerichts, um sie zu strafen (2 Petrus 2,9). So wird denn jede S\u00fcnde und \u00dcbertretung ihre gerechte Vergeltung und ihren Lohn erhalten.<\/div>\n<div>Ihr Ungl\u00e4ubigen, ihr Unehrliche, ihr Weltlichen, ihr unz\u00fcchtigen M\u00e4nner und Frauen, ihr Sklaven der Wollust und Schwelgerei, ihr Sp\u00f6tter der g\u00f6ttlichen Wahrheit. Wie wollt ihr der h\u00f6llischen Verdammnis entrinnen? (Matth\u00e4us 22,33). Ihr Gesch\u00e4ftsleute, ihr, deren Seelen von Jagd nach Gewinn, durchdrungen sind, ihr Reichen, die ihr nicht reich in Gott seid, ihr Reisenden durch das Leben ohne Gott, Gebet und Gemeinde, ohne Interesse f\u00fcr Gott, oder an die Ewigkeit vor euch- H\u00f6ret: Daher hat die H\u00f6lle den Schlund weit aufgesperrt und den Rachen aufgetan ohne Ma\u00df, dass hinunterfahren beide, ihre Herrlichen und der P\u00f6bel, ihre Reichen und Fr\u00f6hlichen; (Jesaja 5,14). Ihr Halbchristen, die ihr euch seit vielen Jahren an der Grenze zum Reich Gottes herumtreibt, durch die Tore schaut, aber euch nicht bem\u00fcht hindurchzugehen, die ihr stets beabsichtigt aber nie ausf\u00fchrt, stets w\u00fcnschend und doch aufschiebend, hoffend, doch ohne Recht auf Hoffnung- dieser Appell geht an euch: Wie wollen wir entfliehen, wenn wir ein solches Heil nicht achten,.. (Hebr\u00e4er 2,3). O, ihr ungeretteten Seelen! In alle Eile: Suchet den Herrn, solange er zu finden ist; rufet ihn an, solange er nahe ist; der Gottlose lasse von seinem Wege und der \u00dcbelt\u00e4ter seine Gedanken und bekehre sich zum Herrn, so wird er sich sein erbarmen, und zu unserm Gott, denn bei ihm ist viel Vergebung (Jesaja 55,6-7).<\/div>\n","protected":false},"excerpt":{"rendered":"<p>Lieber Freund, hast du jemals sonderlich beachtet was die Heiligen Schriften \u00fcber die Bestrafung der auf ewig Verdammten zu sagen haben? Hier ist eine kurze Ausf\u00fchrung \u00fcber die schreckliche Wirklichkeit, wie wir sie in der Bibel finden. Der Weg in die H\u00f6lle Gehet ein durch die enge Pforte. Denn die Pforte ist weit, und der [&hellip;]<\/p>\n","protected":false},"author":1,"featured_media":0,"parent":0,"menu_order":0,"comment_status":"closed","ping_status":"closed","template":"","meta":{"footnotes":""},"class_list":["post-123","page","type-page","status-publish","hentry"],"_links":{"self":[{"href":"http:\/\/bethesdabaptisten.de\/index.php?rest_route=\/wp\/v2\/pages\/123","targetHints":{"allow":["GET"]}}],"collection":[{"href":"http:\/\/bethesdabaptisten.de\/index.php?rest_route=\/wp\/v2\/pages"}],"about":[{"href":"http:\/\/bethesdabaptisten.de\/index.php?rest_route=\/wp\/v2\/types\/page"}],"author":[{"embeddable":true,"href":"http:\/\/bethesdabaptisten.de\/index.php?rest_route=\/wp\/v2\/users\/1"}],"replies":[{"embeddable":true,"href":"http:\/\/bethesdabaptisten.de\/index.php?rest_route=%2Fwp%2Fv2%2Fcomments&post=123"}],"version-history":[{"count":1,"href":"http:\/\/bethesdabaptisten.de\/index.php?rest_route=\/wp\/v2\/pages\/123\/revisions"}],"predecessor-version":[{"id":124,"href":"http:\/\/bethesdabaptisten.de\/index.php?rest_route=\/wp\/v2\/pages\/123\/revisions\/124"}],"wp:attachment":[{"href":"http:\/\/bethesdabaptisten.de\/index.php?rest_route=%2Fwp%2Fv2%2Fmedia&parent=123"}],"curies":[{"name":"wp","href":"https:\/\/api.w.org\/{rel}","templated":true}]}}