{"id":135,"date":"2018-11-10T14:03:49","date_gmt":"2018-11-10T14:03:49","guid":{"rendered":"http:\/\/bethesdabaptisten.de\/?page_id=135"},"modified":"2025-10-03T07:39:20","modified_gmt":"2025-10-03T07:39:20","slug":"buecher","status":"publish","type":"page","link":"http:\/\/bethesdabaptisten.de\/?page_id=135","title":{"rendered":"B\u00fccher"},"content":{"rendered":"<hr \/>\n<p><img loading=\"lazy\" decoding=\"async\" class=\"wp-image-106 alignleft\" src=\"http:\/\/bethesdabaptisten.de\/wp-content\/uploads\/2018\/11\/IMG_0296.jpg\" alt=\"\" width=\"188\" height=\"251\" \/><\/p>\n<hr \/>\n<p><span style=\"display: inline !important; float: none; background-color: transparent; color: #141412; cursor: text; font-family: 'Source Sans Pro',Helvetica,sans-serif; font-size: 16px; font-style: normal; font-variant: normal; font-weight: 400; letter-spacing: normal; orphans: 2; text-align: left; text-decoration: none; text-indent: 0px; text-transform: none; -webkit-text-stroke-width: 0px; white-space: normal; word-spacing: 0px;\">Irgendwo, im Laufe der Jahre und mit dem Wandel der \u00a0\u00a0 Kultur, haben Frauen ihren Weg verloren. Dieses Buch wurde geschrieben, um sie wieder nach Hause zu f\u00fchren. Unabh\u00e4ngig davon, wie Sie ihre Ehe begannen oder wie dunkel und einsam der Pfad war, der Sie dahin\u00a0 brachte wo Sie sich jetzt befinden, m\u00f6chte ich, dass Sie wissen: es ist heute m\u00f6glich, dass Sie eine Ehe f\u00fchren, die so gut und erf\u00fcllend ist, dass es nur mit einem Wunder erkl\u00e4rt werden kann.<\/span><\/p>\n<p>Wenn Sie Interesse haben, kontaktieren Sie uns und wir schicken Ihnen ein Exemplar kostenlos zu.<\/p>\n<hr \/>\n<p>___________________________________________________________________<\/p>\n<p><img loading=\"lazy\" decoding=\"async\" class=\"wp-image-105 size-full alignleft\" src=\"http:\/\/bethesdabaptisten.de\/wp-content\/uploads\/2018\/11\/IMG_0295.jpg\" alt=\"\" width=\"150\" height=\"200\" \/><\/p>\n<p><span style=\"display: inline !important; float: none; background-color: transparent; color: #141412; cursor: text; font-family: 'Source Sans Pro',Helvetica,sans-serif; font-size: 16px; font-style: normal; font-variant: normal; font-weight: 400; letter-spacing: normal; orphans: 2; text-align: left; text-decoration: none; text-indent: 0px; text-transform: none; -webkit-text-stroke-width: 0px; white-space: normal; word-spacing: 0px;\">Dies ist das Neue Testament der &#8222;Revidierten Luther Bibel 2016&#8220;, welches von unserem Pastor und einigen Gemeindemitgliedern \u00fcberarbeitet wurde. Wir glauben, dass die englische King James Bibel von 1611 die perfekte Bibel\u00fcbersetzung ist und so wollten wir die Lutherbibel so nah wie m\u00f6glich an die perfekte Bibel bringen, wie es in der deutschen Sprache m\u00f6glich ist.\u00a0<\/span><\/p>\n<p>&nbsp;<\/p>\n<p>Wenn Sie Interesse haben, kontaktieren Sie uns und wir schicken Ihnen ein Exemplar kostenlos zu.<\/p>\n<p>___________________________________________________________________<\/p>\n<p>&nbsp;<\/p>\n<p>&nbsp;<\/p>\n<hr \/>\n<p>&nbsp;<\/p>\n<hr \/>\n<p>&nbsp;<\/p>\n<p>&nbsp;<\/p>\n<p>&nbsp;<\/p>\n<p>&nbsp;<\/p>\n<p>&nbsp;<\/p>\n","protected":false},"excerpt":{"rendered":"<p>Irgendwo, im Laufe der Jahre und mit dem Wandel der \u00a0\u00a0 Kultur, haben Frauen ihren Weg verloren. Dieses Buch wurde geschrieben, um sie wieder nach Hause zu f\u00fchren. Unabh\u00e4ngig davon, wie Sie ihre Ehe begannen oder wie dunkel und einsam der Pfad war, der Sie dahin\u00a0 brachte wo Sie sich jetzt befinden, m\u00f6chte ich, dass [&hellip;]<\/p>\n","protected":false},"author":1,"featured_media":0,"parent":0,"menu_order":0,"comment_status":"closed","ping_status":"closed","template":"","meta":{"footnotes":""},"class_list":["post-135","page","type-page","status-publish","hentry"],"_links":{"self":[{"href":"http:\/\/bethesdabaptisten.de\/index.php?rest_route=\/wp\/v2\/pages\/135","targetHints":{"allow":["GET"]}}],"collection":[{"href":"http:\/\/bethesdabaptisten.de\/index.php?rest_route=\/wp\/v2\/pages"}],"about":[{"href":"http:\/\/bethesdabaptisten.de\/index.php?rest_route=\/wp\/v2\/types\/page"}],"author":[{"embeddable":true,"href":"http:\/\/bethesdabaptisten.de\/index.php?rest_route=\/wp\/v2\/users\/1"}],"replies":[{"embeddable":true,"href":"http:\/\/bethesdabaptisten.de\/index.php?rest_route=%2Fwp%2Fv2%2Fcomments&post=135"}],"version-history":[{"count":6,"href":"http:\/\/bethesdabaptisten.de\/index.php?rest_route=\/wp\/v2\/pages\/135\/revisions"}],"predecessor-version":[{"id":183,"href":"http:\/\/bethesdabaptisten.de\/index.php?rest_route=\/wp\/v2\/pages\/135\/revisions\/183"}],"wp:attachment":[{"href":"http:\/\/bethesdabaptisten.de\/index.php?rest_route=%2Fwp%2Fv2%2Fmedia&parent=135"}],"curies":[{"name":"wp","href":"https:\/\/api.w.org\/{rel}","templated":true}]}}