{"id":41,"date":"2018-10-29T15:59:36","date_gmt":"2018-10-29T15:59:36","guid":{"rendered":"http:\/\/bethesdabaptisten.de\/?page_id=41"},"modified":"2021-08-18T15:07:10","modified_gmt":"2021-08-18T15:07:10","slug":"predigten","status":"publish","type":"page","link":"http:\/\/bethesdabaptisten.de\/?page_id=41","title":{"rendered":"Predigten"},"content":{"rendered":"\n<p><strong>Die Wichtigste Botschaft der Welt!<\/strong>      Pastor Richard Weimer<\/p>\n\n\n\n<p><a rel=\"noreferrer noopener\" href=\"http:\/\/bethesdabaptisten.de\/wp-content\/uploads\/2021\/03\/5-Minuten-Botschaft-4.mp4\" data-type=\"URL\" data-id=\"http:\/\/bethesdabaptisten.de\/wp-content\/uploads\/2021\/03\/5-Minuten-Botschaft-4.mp4\" target=\"_blank\">http:\/\/bethesdabaptisten.de\/Botschaft.mp4<\/a><\/p>\n\n\n\n<figure class=\"wp-block-gallery columns-0 is-cropped wp-block-gallery-1 is-layout-flex wp-block-gallery-is-layout-flex\"><ul class=\"blocks-gallery-grid\"><\/ul><\/figure>\n\n\n<p><strong>Titel<\/strong>: \u00a0 Die Kraft des Evangeliums \u00a0 \u00a0 \u00a0 <strong>Prediger:<\/strong> \u00a0 Michael Weimer<\/p>\n<audio class=\"wp-audio-shortcode\" id=\"audio-41-1\" preload=\"none\" style=\"width: 100%;\" controls=\"controls\"><source type=\"audio\/mpeg\" src=\"http:\/\/bethesdabaptisten.de\/wp-content\/uploads\/2018\/10\/AUDIO-2018-03-12-14-25-40.m4a?_=1\" \/><a href=\"http:\/\/bethesdabaptisten.de\/wp-content\/uploads\/2018\/10\/AUDIO-2018-03-12-14-25-40.m4a\">http:\/\/bethesdabaptisten.de\/wp-content\/uploads\/2018\/10\/AUDIO-2018-03-12-14-25-40.m4a<\/a><\/audio>\n<p>\u00a0<\/p>\n<p><strong>Aktuelle Predigten aus unserer Gemeinde:<\/strong><\/p>\n<p><a href=\"https:\/\/www.youtube.com\/channel\/UC3QoIL4-dbOQWxZ5gje8rtQ\">https:\/\/www.youtube.com\/channel\/UC3QoIL4-dbOQWxZ5gje8rtQ<\/a><\/p>\n<p>\u00a0<\/p>\n<p><strong>Kurze Predigten in verschiedenen Sprachen:<\/strong><\/p>\n<p><a href=\"http:\/\/bethesdabaptisten.de\/wp-content\/uploads\/2021\/08\/Video.mov\">Matth\u00e4us 1:21 Deutsch<\/a><\/p>\n<p><a href=\"http:\/\/bethesdabaptisten.de\/wp-content\/uploads\/2021\/08\/Video-englisch.mov\">Matth\u00e4us 1:21 Englisch<\/a><\/p>\n<p><a href=\"http:\/\/bethesdabaptisten.de\/wp-content\/uploads\/2021\/08\/Video-5.mov\">Matth\u00e4us 1:21 Tschechisch<\/a><\/p>\n<p>\u00a0<\/p>\n<p><strong>Zum Nachlesen:<\/strong><\/p>\n<ul>\n<li><a href=\"http:\/\/bethesdabaptisten.de\/?page_id=93\">Was glauben Baptisten?<\/a><\/li>\n<li><a href=\"http:\/\/bethesdabaptisten.de\/?page_id=109\">Christliche Tugenden<\/a><\/li>\n<li><a href=\"http:\/\/bethesdabaptisten.de\/?page_id=116\">Das Licht dieser Welt ist gekommen<\/a><\/li>\n<li><a href=\"http:\/\/bethesdabaptisten.de\/?page_id=123\">Was die Bibel \u00fcber die H\u00f6lle lehrt<\/a><\/li>\n<\/ul>\n\n\n<p><\/p>\n","protected":false},"excerpt":{"rendered":"<p>Die Wichtigste Botschaft der Welt! Pastor Richard Weimer http:\/\/bethesdabaptisten.de\/Botschaft.mp4 Titel: \u00a0 Die Kraft des Evangeliums \u00a0 \u00a0 \u00a0 Prediger: \u00a0 Michael Weimer \u00a0 Aktuelle Predigten aus unserer Gemeinde: https:\/\/www.youtube.com\/channel\/UC3QoIL4-dbOQWxZ5gje8rtQ \u00a0 Kurze Predigten in verschiedenen Sprachen: Matth\u00e4us 1:21 Deutsch Matth\u00e4us 1:21 Englisch Matth\u00e4us 1:21 Tschechisch \u00a0 Zum Nachlesen: Was glauben Baptisten? Christliche Tugenden Das Licht dieser [&hellip;]<\/p>\n","protected":false},"author":1,"featured_media":0,"parent":0,"menu_order":0,"comment_status":"closed","ping_status":"closed","template":"","meta":{"footnotes":""},"class_list":["post-41","page","type-page","status-publish","hentry"],"_links":{"self":[{"href":"http:\/\/bethesdabaptisten.de\/index.php?rest_route=\/wp\/v2\/pages\/41","targetHints":{"allow":["GET"]}}],"collection":[{"href":"http:\/\/bethesdabaptisten.de\/index.php?rest_route=\/wp\/v2\/pages"}],"about":[{"href":"http:\/\/bethesdabaptisten.de\/index.php?rest_route=\/wp\/v2\/types\/page"}],"author":[{"embeddable":true,"href":"http:\/\/bethesdabaptisten.de\/index.php?rest_route=\/wp\/v2\/users\/1"}],"replies":[{"embeddable":true,"href":"http:\/\/bethesdabaptisten.de\/index.php?rest_route=%2Fwp%2Fv2%2Fcomments&post=41"}],"version-history":[{"count":21,"href":"http:\/\/bethesdabaptisten.de\/index.php?rest_route=\/wp\/v2\/pages\/41\/revisions"}],"predecessor-version":[{"id":179,"href":"http:\/\/bethesdabaptisten.de\/index.php?rest_route=\/wp\/v2\/pages\/41\/revisions\/179"}],"wp:attachment":[{"href":"http:\/\/bethesdabaptisten.de\/index.php?rest_route=%2Fwp%2Fv2%2Fmedia&parent=41"}],"curies":[{"name":"wp","href":"https:\/\/api.w.org\/{rel}","templated":true}]}}