{"id":43,"date":"2018-10-29T16:03:02","date_gmt":"2018-10-29T16:03:02","guid":{"rendered":"http:\/\/bethesdabaptisten.de\/?page_id=43"},"modified":"2018-10-29T16:44:24","modified_gmt":"2018-10-29T16:44:24","slug":"unsere-gemeinde","status":"publish","type":"page","link":"http:\/\/bethesdabaptisten.de\/?page_id=43","title":{"rendered":"Unsere Gemeinde"},"content":{"rendered":"<h3 style=\"text-align: center;\"><strong>Bethesda Baptisten Kapelle, was ist das?<\/strong><\/h3>\n<p>Eine <strong>Kapelle<\/strong> &#8211; eine kleine Gemeinde, worin niemand \u00fcbersehen wird. <strong>Baptisten<\/strong> &#8211; eine Freikirche mit langj\u00e4hriger Tradition. <strong>Bethesda<\/strong> &#8211; ein Haus der Barmherzigkeit, in einer unbarmherzigen Welt.<\/p>\n<p><strong>Gottesdienst \u00a0 \u00a0 \u00a0 \u00a0 \u00a0 \u00a0 \u00a0 \u00a0 \u00a0 \u00a0 \u00a0 \u00a0 \u00a0 \u00a0 \u00a0 \u00a0 \u00a0 \u00a0 \u00a0 \u00a0 \u00a0 \u00a0 \u00a0 \u00a0 \u00a0 \u00a0 \u00a0 \u00a0 \u00a0 \u00a0 \u00a0 \u00a0 \u00a0 \u00a0 \u00a0 \u00a0 \u00a0 \u00a0 \u00a0 \u00a0 \u00a0 \u00a0 \u00a0 \u00a0 \u00a0 \u00a0 \u00a0 \u00a0 \u00a0 \u00a0 \u00a0 \u00a0 \u00a0 \u00a0 \u00a0 \u00a0 \u00a0<\/strong><\/p>\n<div>Wir treffen uns am Sonntag vormittag um 10:30 Uhr. Im Namen des Herrn Jesus Christus treffen wir uns, weil er das Haupt der Gemeinde ist, und uns versprochen hat: &#8222;Denn wo zwei oder drei versammelt sind in meinem Namen, da bin ich mitten unter ihnen&#8220;\u00a0<i>(Matt. 18,20).<\/i><\/div>\n<div>Im Gottesdienst wird der Herr gelobt, gepriesen und angebetet. Neben den Herrn Jesus hat die Predigt Vorrang. Es wird aus der Bibel gepredigt. &#8222;Ohne Glauben k\u00f6nnen wir Gott nicht gefallen&#8220;,\u00a0<i>(Heb. 11,6).&#8220;<\/i>Ohne Glauben k\u00f6nnen wir nicht errettet werden&#8220;\u00a0<i>(Eph. 2,8-9);<\/i>\u00a0so ist es wichtig das wir Glauben erhalten. Der Herr hat versprochen, dass er den Glauben aus der Predigt durch das Wort Gottes schenkt\u00a0<i>(R\u00f6m. 10,17),<\/i>\u00a0und dass er sein Wort durch die Predigt offenbart\u00a0<i>(Titus 1,3).<\/i>Deshalb ist die Predigt so wichtig in der Bethesda Baptisten Kapelle.<\/div>\n<div>Weil wir starken Glauben in dieser schweren Zeit brauchen, aber am meisten, weil die J\u00fcnger des Herrn Jesus Christus uns als Vorbild das getan haben, treffen wir auch am Sonntag abend um 17:00 Uhr zusammen\u00a0<i>(Joh. 20,19).<\/i>\u00a0Wir treffen wieder das Haupt der Gemeinde, preisen Ihn und haben Gemeinschaft miteinander. Man bleibt gerne zusammen.<\/div>\n<p>&nbsp;<\/p>\n<p><strong>Sonntagschule<\/strong><\/p>\n<div>Am Sonntag fr\u00fch um 9:30 gibt es Sonntagschule f\u00fcr Jung und Alt. Wir treffen uns altersgerecht und studieren die Bibel. Wir wollen Gott und sein Wort n\u00e4her kennen lernen. Die Bibel wird nicht kritisiert, sondern praktisch gelehrt. Auch &#8222;hei\u00dfe Eisen&#8220; werden nicht vermieden.<\/div>\n<div>Wir lernen wie die Bibel brandaktuell ist in einer Welt die sich sehr schnell ver\u00e4ndert. Wir lernen Bibelverse auswendig, damit wir nicht gegen unseren Gott s\u00fcndigen\u00a0<i>(Psalm 119,11).<\/i><\/div>\n<div><\/div>\n<p>&nbsp;<\/p>\n<p><strong>Andacht und Gebetstunde<\/strong><\/p>\n<p>Da es besonders in der heutigen Welt viele Anfechtungen und Schwierigkeiten gibt und wir Menschen oftmals den Versuchungen dieser Welt nachgeben, wollen wir auch in der Mitte der Woche allen Menschen die M\u00f6glichkeit geben, von einer unbarmherzigen Welt in das Haus der Barmherzigkeit zu kommen und geistliche Erfrischung zu bekommen. Nach einer kurzen Andacht beten wir zusammen.<\/p>\n<p>&nbsp;<\/p>\n<p><strong>Stra\u00dfeneinsatz<\/strong><\/p>\n<div>Am Freitag um 17Uhr haben wir einen Stra\u00dfeneinsatz auf der Prager Stra\u00dfe in Dresden. Der Herr Jesus hat uns befohlen in\u00a0<i>Markus 16,15: &#8222;<\/i>Und er sprach zu ihnen: Gehet hin in alle Welt und prediget das Evangelium aller Kreatur.&#8220;<\/div>\n<div>Nicht jeder Mensch kommt in die Gemeinde, also gehen wir zu den Menschen. Wir verteilen Traktate, singen Evangeliumslieder und predigen. Wir gehen direkt auf die Menschen zu, wie der Herr Jesus es befohlen hat, verk\u00fcndigen das Evangelium und versuchen, Fragen zu beantworten.<\/div>\n","protected":false},"excerpt":{"rendered":"<p>Bethesda Baptisten Kapelle, was ist das? Eine Kapelle &#8211; eine kleine Gemeinde, worin niemand \u00fcbersehen wird. Baptisten &#8211; eine Freikirche mit langj\u00e4hriger Tradition. Bethesda &#8211; ein Haus der Barmherzigkeit, in einer unbarmherzigen Welt. Gottesdienst \u00a0 \u00a0 \u00a0 \u00a0 \u00a0 \u00a0 \u00a0 \u00a0 \u00a0 \u00a0 \u00a0 \u00a0 \u00a0 \u00a0 \u00a0 \u00a0 \u00a0 \u00a0 \u00a0 \u00a0 \u00a0 [&hellip;]<\/p>\n","protected":false},"author":1,"featured_media":0,"parent":0,"menu_order":0,"comment_status":"closed","ping_status":"closed","template":"","meta":{"footnotes":""},"class_list":["post-43","page","type-page","status-publish","hentry"],"_links":{"self":[{"href":"http:\/\/bethesdabaptisten.de\/index.php?rest_route=\/wp\/v2\/pages\/43","targetHints":{"allow":["GET"]}}],"collection":[{"href":"http:\/\/bethesdabaptisten.de\/index.php?rest_route=\/wp\/v2\/pages"}],"about":[{"href":"http:\/\/bethesdabaptisten.de\/index.php?rest_route=\/wp\/v2\/types\/page"}],"author":[{"embeddable":true,"href":"http:\/\/bethesdabaptisten.de\/index.php?rest_route=\/wp\/v2\/users\/1"}],"replies":[{"embeddable":true,"href":"http:\/\/bethesdabaptisten.de\/index.php?rest_route=%2Fwp%2Fv2%2Fcomments&post=43"}],"version-history":[{"count":5,"href":"http:\/\/bethesdabaptisten.de\/index.php?rest_route=\/wp\/v2\/pages\/43\/revisions"}],"predecessor-version":[{"id":73,"href":"http:\/\/bethesdabaptisten.de\/index.php?rest_route=\/wp\/v2\/pages\/43\/revisions\/73"}],"wp:attachment":[{"href":"http:\/\/bethesdabaptisten.de\/index.php?rest_route=%2Fwp%2Fv2%2Fmedia&parent=43"}],"curies":[{"name":"wp","href":"https:\/\/api.w.org\/{rel}","templated":true}]}}