{"id":75,"date":"2018-10-29T17:18:29","date_gmt":"2018-10-29T17:18:29","guid":{"rendered":"http:\/\/bethesdabaptisten.de\/?page_id=75"},"modified":"2018-11-10T14:31:51","modified_gmt":"2018-11-10T14:31:51","slug":"startseite","status":"publish","type":"page","link":"http:\/\/bethesdabaptisten.de\/?page_id=75","title":{"rendered":"Startseite"},"content":{"rendered":"<p>Herzlich Willkommen auf der Website der Bethesda Baptisten Kapelle<img loading=\"lazy\" decoding=\"async\" class=\"alignright wp-image-108 \" style=\"margin: 5px 0px 5px 20px; outline: #72777c solid 1px; height: 257px; text-align: left; color: #141412; text-transform: none; text-indent: 0px; letter-spacing: normal; font-size: 16px; font-style: normal; font-variant: normal; font-weight: 400; text-decoration: none; word-spacing: 0px; vertical-align: middle; white-space: normal; max-width: 604px; orphans: 2; float: right; -webkit-text-stroke-width: 0px; background-color: transparent;\" src=\"http:\/\/bethesdabaptisten.de\/wp-content\/uploads\/2018\/11\/IMG_0298-300x225.jpg\" alt=\"\" width=\"342\" height=\"280\" \/>!<\/p>\n<p>Wir sind eine kleine, unabh\u00e4ngige christliche Gemeinde in Dresden, die das Ziel hat, Gott zu dienen und das Evangelium zu verk\u00fcndigen, dass Jesus Christus f\u00fcr alle Menschen in der Welt gestorben ist und auferstanden ist und heute immer noch lebt und dass man nur durch den Glauben an ihn von seinen S\u00fcnden errettet werden kann! Jeder ist recht herzlich eingeladen zu unseren Gottesdiensten in unsere Gemeinde zu kommen!<\/p>\n<p>Wir wollen mit jeder unserer Handlungen den Willen Gottes tun und stellen Gott an erster Stelle in unseren Gottesdiensten. Die Bibel wird praktisch ausgelegt, sodass jeder verstehen kann, wie man Gott dienen soll.<\/p>\n<p>&nbsp;<\/p>\n","protected":false},"excerpt":{"rendered":"<p>Herzlich Willkommen auf der Website der Bethesda Baptisten Kapelle! Wir sind eine kleine, unabh\u00e4ngige christliche Gemeinde in Dresden, die das Ziel hat, Gott zu dienen und das Evangelium zu verk\u00fcndigen, dass Jesus Christus f\u00fcr alle Menschen in der Welt gestorben ist und auferstanden ist und heute immer noch lebt und dass man nur durch den [&hellip;]<\/p>\n","protected":false},"author":1,"featured_media":0,"parent":0,"menu_order":0,"comment_status":"closed","ping_status":"closed","template":"","meta":{"footnotes":""},"class_list":["post-75","page","type-page","status-publish","hentry"],"_links":{"self":[{"href":"http:\/\/bethesdabaptisten.de\/index.php?rest_route=\/wp\/v2\/pages\/75","targetHints":{"allow":["GET"]}}],"collection":[{"href":"http:\/\/bethesdabaptisten.de\/index.php?rest_route=\/wp\/v2\/pages"}],"about":[{"href":"http:\/\/bethesdabaptisten.de\/index.php?rest_route=\/wp\/v2\/types\/page"}],"author":[{"embeddable":true,"href":"http:\/\/bethesdabaptisten.de\/index.php?rest_route=\/wp\/v2\/users\/1"}],"replies":[{"embeddable":true,"href":"http:\/\/bethesdabaptisten.de\/index.php?rest_route=%2Fwp%2Fv2%2Fcomments&post=75"}],"version-history":[{"count":5,"href":"http:\/\/bethesdabaptisten.de\/index.php?rest_route=\/wp\/v2\/pages\/75\/revisions"}],"predecessor-version":[{"id":130,"href":"http:\/\/bethesdabaptisten.de\/index.php?rest_route=\/wp\/v2\/pages\/75\/revisions\/130"}],"wp:attachment":[{"href":"http:\/\/bethesdabaptisten.de\/index.php?rest_route=%2Fwp%2Fv2%2Fmedia&parent=75"}],"curies":[{"name":"wp","href":"https:\/\/api.w.org\/{rel}","templated":true}]}}